{"id":3621,"date":"2020-12-11T18:48:17","date_gmt":"2020-12-27T17:48:17","guid":{"rendered":"https:\/\/www.cyanographie.com\/?post_type=product&#038;p=3621"},"modified":"2020-12-28T16:53:06","modified_gmt":"2020-12-28T15:53:06","slug":"abrazo-en","status":"publish","type":"product","link":"https:\/\/www.cyanographie.com\/en\/oeuvres\/abrazo-en\/","title":{"rendered":"Abrazo"},"content":{"rendered":"<p><div class=\"fusion-fullwidth fullwidth-box fusion-builder-row-1 nonhundred-percent-fullwidth non-hundred-percent-height-scrolling\" style=\"--awb-border-radius-top-left:0px;--awb-border-radius-top-right:0px;--awb-border-radius-bottom-right:0px;--awb-border-radius-bottom-left:0px;--awb-background-image:radial-gradient(circle at center center, rgba(255,255,255,0.73) 3%,#ffffff 16%);--awb-flex-wrap:wrap;\" ><div class=\"fusion-builder-row fusion-row\"><div class=\"fusion-layout-column fusion_builder_column fusion-builder-column-0 fusion_builder_column_1_2 1_2 fusion-one-half fusion-column-first\" style=\"--awb-bg-size:cover;width:50%;width:calc(50% - ( ( 4% ) * 0.5 ) );margin-right: 4%;\"><div class=\"fusion-column-wrapper fusion-column-has-shadow fusion-flex-column-wrapper-legacy\"><div class=\"fusion-text fusion-text-1\"><h4><span style=\"color: #ff8c00;\">ABRAZO<\/span><\/h4>\n<div>\n<p>The artwork has a Spanish title and speaks the language of the body, an abrazo is at the same time the family hugs, the lovers clinch, the hugging between comrades, the embraces of farewells and reunion.<\/p>\n<p>Abrazo by Azul Loeve with an Argentine accent &#8220;Two tango dancers, all in blue, the color of my medium, instead of the traditional red and black of this dance. They look like an old photography, yet their movements can be seen in the brushstrokes, and the figuration is abstracted between their arms, in the chemistry of cyanide salts. \u00bb<\/p>\n<\/div>\n<\/div><div class=\"fusion-sep-clear\"><\/div><div class=\"fusion-separator fusion-full-width-sep\" style=\"margin-left: auto;margin-right: auto;margin-top:12px;margin-bottom:12px;width:100%;\"><div class=\"fusion-separator-border sep-single sep-dashed\" style=\"--awb-height:20px;--awb-amount:20px;border-color:#708090;border-top-width:1px;\"><\/div><\/div><div class=\"fusion-sep-clear\"><\/div><div class=\"fusion-text fusion-text-2\"><p>ABRAZO was shown on december 2020 at the Hublot d&#8217;Ivry<br \/>\n<a href=\"https:\/\/www.cyanographie.com\/en\/2020-exhibition-at-the-hublot-ivry\/\">The exhibition is here to seen, at this event page, with full of pics<br \/>\n<\/a><\/p>\n<\/div><div class=\"fusion-clearfix\"><\/div><\/div><\/div><div class=\"fusion-layout-column fusion_builder_column fusion-builder-column-1 fusion_builder_column_1_2 1_2 fusion-one-half fusion-column-last\" style=\"--awb-bg-size:cover;width:50%;width:calc(50% - ( ( 4% ) * 0.5 ) );\"><div class=\"fusion-column-wrapper fusion-column-has-shadow fusion-flex-column-wrapper-legacy\"><div class=\"fusion-text fusion-text-3\"><h4 style=\"text-align: right;\"><span style=\"color: #ff8c00;\">ECHO TANGO<\/span><\/h4>\n<p>Le tango est apparu d\u00e8s les premi\u00e8res cyanographies de Azul Loeve, en 2012, elle tente de retranscrire en cyanographie ce qu&#8217;elle ressent pendant le bal, dans la musique et la danse. Cette recherche visuelle est au long cours et m\u00e9lange les \u00e9l\u00e9ments photographiques et picturaux.<\/p>\n<p style=\"text-align: center;\">Des tangueros font corps<\/p>\n<p style=\"text-align: center;\">Deux \u00e0 deux sur la musique<\/p>\n<p style=\"text-align: center;\">Une fr\u00e9quence en mouvement<\/p>\n<p style=\"text-align: center;\">L\u2019abrazo coup de pinceau<\/p>\n<\/div>\n<div class=\"fusion-clearfix\"><\/div><\/div><\/div><\/div><\/div><div class=\"fusion-fullwidth fullwidth-box fusion-builder-row-2 fusion-flex-container nonhundred-percent-fullwidth non-hundred-percent-height-scrolling\" style=\"--awb-border-radius-top-left:0px;--awb-border-radius-top-right:0px;--awb-border-radius-bottom-right:0px;--awb-border-radius-bottom-left:0px;--awb-flex-wrap:wrap;\" ><div class=\"fusion-builder-row fusion-row fusion-flex-align-items-flex-start fusion-flex-content-wrap\" style=\"max-width:1216.8px;margin-left: calc(-4% \/ 2 );margin-right: calc(-4% \/ 2 );\"><div class=\"fusion-layout-column fusion_builder_column fusion-builder-column-2 fusion_builder_column_1_1 1_1 fusion-flex-column\" style=\"--awb-bg-size:cover;--awb-width-large:100%;--awb-margin-top-large:0px;--awb-spacing-right-large:1.92%;--awb-margin-bottom-large:23px;--awb-spacing-left-large:1.92%;--awb-width-medium:100%;--awb-order-medium:0;--awb-spacing-right-medium:1.92%;--awb-spacing-left-medium:1.92%;--awb-width-small:100%;--awb-order-small:0;--awb-spacing-right-small:1.92%;--awb-spacing-left-small:1.92%;\"><div class=\"fusion-column-wrapper fusion-column-has-shadow fusion-flex-justify-content-flex-start fusion-content-layout-column\"><div class=\"awb-gallery-wrapper awb-gallery-wrapper-1 button-span-no\"><div style=\"margin:-3px;--awb-bordersize:0px;\" class=\"fusion-gallery fusion-gallery-container fusion-grid-3 fusion-columns-total-3 fusion-gallery-layout-grid fusion-gallery-1\"><div style=\"padding:3px;\" class=\"fusion-grid-column fusion-gallery-column fusion-gallery-column-3 hover-type-none\"><div class=\"fusion-gallery-image\"><a href=\"https:\/\/www.cyanographie.com\/wp-content\/uploads\/2020\/12\/202012_Hublot_LOEVE_03w_by_Ceci_Deli.jpg\" data-title=\"202012_Hublot_LOEVE_03w_by_Ceci_Deli\" title=\"202012_Hublot_LOEVE_03w_by_Ceci_Deli\" rel=\"noreferrer\" data-rel=\"iLightbox[gallery_image_1]\" class=\"fusion-lightbox\" target=\"_self\"><img decoding=\"async\" src=\"https:\/\/www.cyanographie.com\/wp-content\/uploads\/2020\/12\/202012_Hublot_LOEVE_03w_by_Ceci_Deli-460x295.jpg\" width=\"460\" height=\"295\" alt=\"\" title=\"202012_Hublot_LOEVE_03w_by_Ceci_Deli\" aria-label=\"202012_Hublot_LOEVE_03w_by_Ceci_Deli\" class=\"img-responsive wp-image-3561 fusion-gallery-image-size-fixed\"  \/><\/a><\/div><\/div><div style=\"padding:3px;\" class=\"fusion-grid-column fusion-gallery-column fusion-gallery-column-3 hover-type-none\"><div class=\"fusion-gallery-image\"><a href=\"https:\/\/www.cyanographie.com\/wp-content\/uploads\/2020\/12\/202012_Hublot_LOEVE_01_by_Ceci_Deli.jpg\" data-title=\"202012_Hublot_LOEVE_01_by_Ceci_Deli\" title=\"202012_Hublot_LOEVE_01_by_Ceci_Deli\" rel=\"noreferrer\" data-rel=\"iLightbox[gallery_image_1]\" class=\"fusion-lightbox\" target=\"_self\"><img decoding=\"async\" src=\"https:\/\/www.cyanographie.com\/wp-content\/uploads\/2020\/12\/202012_Hublot_LOEVE_01_by_Ceci_Deli-460x295.jpg\" width=\"460\" height=\"295\" alt=\"\" title=\"202012_Hublot_LOEVE_01_by_Ceci_Deli\" aria-label=\"202012_Hublot_LOEVE_01_by_Ceci_Deli\" class=\"img-responsive wp-image-3551 fusion-gallery-image-size-fixed\"  \/><\/a><\/div><\/div><div style=\"padding:3px;\" class=\"fusion-grid-column fusion-gallery-column fusion-gallery-column-3 hover-type-none\"><div class=\"fusion-gallery-image\"><a href=\"https:\/\/www.cyanographie.com\/wp-content\/uploads\/2020\/12\/202012_Hublot_LOEVE_04w_by_Ceci_Deli.jpg\" data-title=\"202012_Hublot_LOEVE_04w_by_Ceci_Deli\" title=\"202012_Hublot_LOEVE_04w_by_Ceci_Deli\" rel=\"noreferrer\" data-rel=\"iLightbox[gallery_image_1]\" class=\"fusion-lightbox\" target=\"_self\"><img decoding=\"async\" src=\"https:\/\/www.cyanographie.com\/wp-content\/uploads\/2020\/12\/202012_Hublot_LOEVE_04w_by_Ceci_Deli-460x295.jpg\" width=\"460\" height=\"295\" alt=\"\" title=\"202012_Hublot_LOEVE_04w_by_Ceci_Deli\" aria-label=\"202012_Hublot_LOEVE_04w_by_Ceci_Deli\" class=\"img-responsive wp-image-3563 fusion-gallery-image-size-fixed\"  \/><\/a><\/div><\/div><div class=\"clearfix\"><\/div><\/div><\/div><\/div><\/div><\/div><\/div><\/p>\n","protected":false},"excerpt":{"rendered":"<p style=\"text-align: right;\">Cyanography by Azul LOEVE<br \/>\n50\u00d765 cm | 2015<br \/>\nCyanotype ink on handmade paper<\/p>\n[fusion_separator style_type=\"single solid\" hide_on_mobile=\"small-visibility,medium-visibility,large-visibility\" class=\"H6\" id=\"\" sep_color=\"\" top_margin=\"\" bottom_margin=\"\" border_size=\"\" icon=\"\" icon_size=\"\" icon_circle=\"\" icon_circle_color=\"\" width=\"\" alignment=\"center\"][\/fusion_separator]\n","protected":false},"featured_media":3624,"template":"","meta":[],"product_brand":[],"product_cat":[197,225,202,224],"product_tag":[],"class_list":{"0":"post-3621","1":"product","2":"type-product","3":"status-publish","4":"has-post-thumbnail","6":"product_cat-2020-en","7":"product_cat-theme-dance","8":"product_cat-echo-tango-en","9":"product_cat-human-body","11":"first","12":"instock","13":"sold-individually","14":"taxable","15":"shipping-taxable","16":"product-type-simple"},"_links":{"self":[{"href":"https:\/\/www.cyanographie.com\/en\/wp-json\/wp\/v2\/product\/3621","targetHints":{"allow":["GET"]}}],"collection":[{"href":"https:\/\/www.cyanographie.com\/en\/wp-json\/wp\/v2\/product"}],"about":[{"href":"https:\/\/www.cyanographie.com\/en\/wp-json\/wp\/v2\/types\/product"}],"wp:featuredmedia":[{"embeddable":true,"href":"https:\/\/www.cyanographie.com\/en\/wp-json\/wp\/v2\/media\/3624"}],"wp:attachment":[{"href":"https:\/\/www.cyanographie.com\/en\/wp-json\/wp\/v2\/media?parent=3621"}],"wp:term":[{"taxonomy":"product_brand","embeddable":true,"href":"https:\/\/www.cyanographie.com\/en\/wp-json\/wp\/v2\/product_brand?post=3621"},{"taxonomy":"product_cat","embeddable":true,"href":"https:\/\/www.cyanographie.com\/en\/wp-json\/wp\/v2\/product_cat?post=3621"},{"taxonomy":"product_tag","embeddable":true,"href":"https:\/\/www.cyanographie.com\/en\/wp-json\/wp\/v2\/product_tag?post=3621"}],"curies":[{"name":"wp","href":"https:\/\/api.w.org\/{rel}","templated":true}]}}