{"id":3473,"date":"2019-12-19T19:37:44","date_gmt":"2019-12-19T18:37:44","guid":{"rendered":"https:\/\/www.cyanographie.com\/oeuvres\/sterenn-eckmuhl-en\/"},"modified":"2022-10-22T15:00:03","modified_gmt":"2022-10-22T13:00:03","slug":"sterenn-eckmuhl-en","status":"publish","type":"product","link":"https:\/\/www.cyanographie.com\/en\/oeuvres\/sterenn-eckmuhl-en\/","title":{"rendered":"Sterenn Eckm\u00fchl"},"content":{"rendered":"<div class=\"fusion-fullwidth fullwidth-box fusion-builder-row-1 nonhundred-percent-fullwidth non-hundred-percent-height-scrolling\" style=\"--awb-border-radius-top-left:0px;--awb-border-radius-top-right:0px;--awb-border-radius-bottom-right:0px;--awb-border-radius-bottom-left:0px;--awb-flex-wrap:wrap;\" ><div class=\"fusion-builder-row fusion-row\"><div class=\"fusion-layout-column fusion_builder_column fusion-builder-column-0 fusion_builder_column_1_1 1_1 fusion-one-full fusion-column-first fusion-column-last\" style=\"--awb-bg-size:cover;--awb-margin-bottom:0px;\"><div class=\"fusion-column-wrapper fusion-flex-column-wrapper-legacy\"><div class=\"fusion-text fusion-text-1\"><p>The Eckm\u00fchl lighthouse is in southern Finist\u00e8re, below a surfing mecca in Brittany, the bay of Audierne, the long line on the left on the cyanography.<br \/>\nChildhood memories dot my memory&#8230; and the shooting of Oc\u00e9an, by Jacques Cluzaud and Jacques Perrin, the last time I was there.<\/p>\n<p>In 2019 I went back there under amazing circumstances, a coup de th\u00e9\u00e2tre offered me a family around here. A great weekend of walks and emotions, photos, the carnival of Dourmenez in the rain, waves, the lighthouse of Eckm\u00fchl.<br \/>\nAt the end of the year, big reunions in complete families, a birthday in the &#8220;new&#8221; branch and this cyanography which reinterprets this amazing turn of life.cyanography includes two visual sources, first of all the base painted with cyanotype ink, in the shape of a map of the region where the lighthouse of Eckm\u00fchl is located, the point of Penmarc&#8217;h. This map is drawn by hand in large format, 50 cm by 65 cm, and painted with some effects on the contours, more or less sharp, wet, dry depending on the nature of the shore, beach, port, etc.. The image shows it before the exposure so in yellow-green, the paper is still curled, on the table in the dark part of the studio.<\/p>\n<p>In this first version by Sterenn Eckm\u00fchl, I painted the inside of the card with photosensitive ink, to place the spiral pattern under our steps. The sea is thus in white, the land in blue. In a more maritime version, still with the same negative, I chose a part of the map further west and it is the sea that is painted. The spiral is in front of the Bay of Audierne, like the great wave of Hokusa\u00ef.<br \/>\nThe second visual source is a photographic montage of the staircase inside the lighthouse.\u00a0 The negative I created comes from several photos taken from the top of the stairs, in order to enhance the two motifs: The spiral is a little off-center and in the middle the star.<\/p>\n<p>Similarly, I reworked the walls, shiny plates of opaline, notably by erasing the narrow windows of the lighthouse. I wanted to avoid the play of light, architectural details that catch the eye in the wrong direction. The star, the spiral, the map, the poetic twist is in place and each gaze can give way to its own imagination. This lighthouse was ideally situated to compose my cyanography, both in geography, in sensitive charge and in history: when I asked about its funny name, I knew that it was him I had to choose, and no other lighthouse, no other staircase :<\/p>\n<p>&nbsp;<\/p>\n<p>Indeed, the Marquise Ad\u00e9la\u00efde-Louise d&#8217;Eckm\u00fchl de Blocqueville bequeathed in her will the sum of 300,000 francs for the construction of a lighthouse. This lighthouse will be named &#8220;Eckm\u00fchl&#8217;s lighthouse&#8221; in honor of her father Marshal Louis-Nicolas Davout, Prince of Eckm\u00fchl.<br \/>\nThis title of nobility comes from the battle of Eckm\u00fchl which he had led on April 22, 1809 near the village of Eggm\u00fchl in Bavaria. With this gesture, the Marquise hopes that &#8220;the tears shed by the fatality of wars, which I fear and hate more than ever, will be redeemed by the lives saved from the storm.\u00a0&#8220;She also wants the lighthouse to be located on the coast of Brittany and in a safe place to stand the test of time.<br \/>\nThank you for the article from wikipedia and the Marquise d&#8217;Eckm\u00fchl.<\/p>\n<p>&nbsp;<\/p>\n<\/div><div class=\"fusion-clearfix\"><\/div><\/div><\/div><\/div><\/div>\n","protected":false},"excerpt":{"rendered":"<p>Cyanography by Azul LOEVE<\/p>\n<p>50&#215;65 cm | 2019 | Cyanotype ink on handmade paper<\/p>\n<p>&nbsp;<\/p>\n<p>&nbsp;<\/p>\n","protected":false},"featured_media":2695,"template":"","meta":[],"product_brand":[],"product_cat":[196,227,210,214],"product_tag":[],"class_list":{"0":"post-3473","1":"product","2":"type-product","3":"status-publish","4":"has-post-thumbnail","6":"product_cat-2019-en","7":"product_cat-nature","8":"product_cat-thebaids","9":"product_cat-unpublished","11":"first","12":"onbackorder","13":"taxable","14":"shipping-taxable","15":"product-type-simple"},"_links":{"self":[{"href":"https:\/\/www.cyanographie.com\/en\/wp-json\/wp\/v2\/product\/3473","targetHints":{"allow":["GET"]}}],"collection":[{"href":"https:\/\/www.cyanographie.com\/en\/wp-json\/wp\/v2\/product"}],"about":[{"href":"https:\/\/www.cyanographie.com\/en\/wp-json\/wp\/v2\/types\/product"}],"wp:featuredmedia":[{"embeddable":true,"href":"https:\/\/www.cyanographie.com\/en\/wp-json\/wp\/v2\/media\/2695"}],"wp:attachment":[{"href":"https:\/\/www.cyanographie.com\/en\/wp-json\/wp\/v2\/media?parent=3473"}],"wp:term":[{"taxonomy":"product_brand","embeddable":true,"href":"https:\/\/www.cyanographie.com\/en\/wp-json\/wp\/v2\/product_brand?post=3473"},{"taxonomy":"product_cat","embeddable":true,"href":"https:\/\/www.cyanographie.com\/en\/wp-json\/wp\/v2\/product_cat?post=3473"},{"taxonomy":"product_tag","embeddable":true,"href":"https:\/\/www.cyanographie.com\/en\/wp-json\/wp\/v2\/product_tag?post=3473"}],"curies":[{"name":"wp","href":"https:\/\/api.w.org\/{rel}","templated":true}]}}