{"id":3472,"date":"2020-05-24T20:00:19","date_gmt":"2020-05-24T18:00:19","guid":{"rendered":"https:\/\/www.cyanographie.com\/oeuvres\/milky-way\/"},"modified":"2020-12-26T14:35:23","modified_gmt":"2020-12-26T13:35:23","slug":"milky-way","status":"publish","type":"product","link":"https:\/\/www.cyanographie.com\/en\/oeuvres\/milky-way\/","title":{"rendered":"Milky Way"},"content":{"rendered":"<div class=\"fusion-fullwidth fullwidth-box fusion-builder-row-1 nonhundred-percent-fullwidth non-hundred-percent-height-scrolling\" style=\"--awb-border-radius-top-left:0px;--awb-border-radius-top-right:0px;--awb-border-radius-bottom-right:0px;--awb-border-radius-bottom-left:0px;--awb-flex-wrap:wrap;\" ><div class=\"fusion-builder-row fusion-row\"><div class=\"fusion-layout-column fusion_builder_column fusion-builder-column-0 fusion_builder_column_1_1 1_1 fusion-one-full fusion-column-first fusion-column-last\" style=\"--awb-bg-size:cover;--awb-margin-bottom:0px;\"><div class=\"fusion-column-wrapper fusion-flex-column-wrapper-legacy\"><div class=\"fusion-text fusion-text-1\"><div><\/div>\n<p><em>Indeed, the Marquise Ad\u00e9la\u00efde-Louise d&#8217;Eckm\u00fchl de Blocqueville bequeathed in her will the sum of 300,000 francs for the construction of a lighthouse. This lighthouse will be named<\/em> &#8220;Eckm\u00fchl&#8217;s lighthouse&#8221; <em>in honor of her father Marshal Louis-Nicolas Davout, Prince of Eckm\u00fchl.<\/em><br \/>\n<em>This title of nobility comes from the battle of Eckm\u00fchl which he had led on April 22, 1809 near the village of Eggm\u00fchl in Bavaria. With this gesture, the Marquise hopes that<\/em> &#8220;the tears shed by the fatality of wars, which I fear and hate more than ever, will be redeemed by the lives saved from the storm.\u00a0&#8220;<em>She also wants the lighthouse to be located on the coast of Brittany and in a safe place to stand the test of time.<\/em><br \/>\nThank you for the <a href=\"https:\/\/fr.wikipedia.org\/wiki\/Phare_d%27Eckm%C3%BChl\" target=\"_blank\" rel=\"noopener noreferrer\">wikipedia post<\/a> and the Marquise d&#8217;Eckm\u00fchl.<\/p>\n<\/div><div class=\"fusion-clearfix\"><\/div><\/div><\/div><\/div><\/div>\n","protected":false},"excerpt":{"rendered":"<div style=\"text-align: right;\"><strong>Milky Way<\/strong><\/div>\n<div style=\"text-align: right;\">Cyanography by Azul LOEVE<\/div>\n<div><\/div>\n<div style=\"text-align: right;\">42x30cm | 2016 | Cyanotype ink on Canson paper<\/div>\n","protected":false},"featured_media":2697,"template":"","meta":[],"product_brand":[],"product_cat":[194,222,212,216,227,201,229],"product_tag":[],"class_list":{"0":"post-3472","1":"product","2":"type-product","3":"status-publish","4":"has-post-thumbnail","6":"product_cat-2017-en","7":"product_cat-abstract","8":"product_cat-chambrebleue-en","9":"product_cat-marseille-en","10":"product_cat-nature","11":"product_cat-off-track","12":"product_cat-theme-science-en","14":"first","15":"instock","16":"taxable","17":"shipping-taxable","18":"product-type-simple"},"_links":{"self":[{"href":"https:\/\/www.cyanographie.com\/en\/wp-json\/wp\/v2\/product\/3472","targetHints":{"allow":["GET"]}}],"collection":[{"href":"https:\/\/www.cyanographie.com\/en\/wp-json\/wp\/v2\/product"}],"about":[{"href":"https:\/\/www.cyanographie.com\/en\/wp-json\/wp\/v2\/types\/product"}],"wp:featuredmedia":[{"embeddable":true,"href":"https:\/\/www.cyanographie.com\/en\/wp-json\/wp\/v2\/media\/2697"}],"wp:attachment":[{"href":"https:\/\/www.cyanographie.com\/en\/wp-json\/wp\/v2\/media?parent=3472"}],"wp:term":[{"taxonomy":"product_brand","embeddable":true,"href":"https:\/\/www.cyanographie.com\/en\/wp-json\/wp\/v2\/product_brand?post=3472"},{"taxonomy":"product_cat","embeddable":true,"href":"https:\/\/www.cyanographie.com\/en\/wp-json\/wp\/v2\/product_cat?post=3472"},{"taxonomy":"product_tag","embeddable":true,"href":"https:\/\/www.cyanographie.com\/en\/wp-json\/wp\/v2\/product_tag?post=3472"}],"curies":[{"name":"wp","href":"https:\/\/api.w.org\/{rel}","templated":true}]}}