{"id":3465,"date":"2014-10-21T15:19:08","date_gmt":"2014-10-21T13:19:08","guid":{"rendered":"https:\/\/www.cyanographie.com\/oeuvres\/rift\/"},"modified":"2022-10-22T15:05:04","modified_gmt":"2022-10-22T13:05:04","slug":"rift","status":"publish","type":"product","link":"https:\/\/www.cyanographie.com\/en\/oeuvres\/rift\/","title":{"rendered":"Rift"},"content":{"rendered":"<p><div class=\"fusion-fullwidth fullwidth-box fusion-builder-row-1 nonhundred-percent-fullwidth non-hundred-percent-height-scrolling\" style=\"--awb-border-radius-top-left:0px;--awb-border-radius-top-right:0px;--awb-border-radius-bottom-right:0px;--awb-border-radius-bottom-left:0px;--awb-background-image:radial-gradient(circle at center center, #ffffff 3%,#ffffff 16%);--awb-flex-wrap:wrap;\" ><div class=\"fusion-builder-row fusion-row\"><div class=\"fusion-layout-column fusion_builder_column fusion-builder-column-0 fusion_builder_column_1_2 1_2 fusion-one-half fusion-column-first\" style=\"--awb-bg-blend:lighten;--awb-bg-size:cover;width:50%;width:calc(50% - ( ( 4% ) * 0.5 ) );margin-right: 4%;\"><div class=\"fusion-column-wrapper fusion-column-has-shadow fusion-flex-column-wrapper-legacy\"><div class=\"fusion-text fusion-text-1\"><h4 style=\"text-align: right;\"><span style=\"color: #ff9900;\">RIFT<\/span><\/h4>\n<p>Talking about a work&#8230; describing it?<br \/>\nReveal what the artist meant? How he worked?<\/p>\n<p>Parfois cela peut mettre en lumi\u00e8re des d\u00e9tails perdus,<br \/>\nlever des myst\u00e8res, donner des clefs de compr\u00e9hension.<br \/>\nOu cristalliser une vision unique de l\u2019\u0153uvre et emp\u00eacher d&#8217;autres imaginaire d&#8217;\u00e9merger.<\/p>\n<p style=\"text-align: left;\">&#8220;L&#8217;ami doit \u00eatre pass\u00e9 ma\u00eetre dans l&#8217;art de deviner et dans l&#8217;art de se taire.&#8221;<br \/>\nFriedrich NIETZSCHE<\/p>\n<p style=\"text-align: left;\">FAILLE, expos\u00e9e pour la premi\u00e8re fois \u00e0 Arles en septembre 2015<br \/>\ndans une alc\u00f4ve de l&#8217;\u00e9glise des Fr\u00e8res Pr\u00eacheurs<br \/>\n\u00e0 la Galerie \u00c9ph\u00e9m\u00e8re du festival REY DEL COMPAS<\/p>\n<\/div><div class=\"fusion-clearfix\"><\/div><\/div><\/div><div class=\"fusion-layout-column fusion_builder_column fusion-builder-column-1 fusion_builder_column_1_2 1_2 fusion-one-half fusion-column-last\" style=\"--awb-bg-size:cover;width:50%;width:calc(50% - ( ( 4% ) * 0.5 ) );\"><div class=\"fusion-column-wrapper fusion-column-has-shadow fusion-flex-column-wrapper-legacy\"><div class=\"fusion-text fusion-text-2\"><h4><span style=\"color: #ff9900;\">Isotopy<\/span><\/h4>\n<p>Visual exploration of Reality and Utopia as isotopes.<\/p>\n<p>Brief reminder of physics&#8230;<br \/>\nThe atomic number corresponds to the number of proton present in the nucleus of the atom, for example hydrogen, H the most abundant element in the universe and the simplest with only one proton.<br \/>\nTwo atoms are called isotopes when they have the same atomic number but different numbers of neutrons, there are several isotopes of hydrogen and this changes their chemical properties. In our example, 3H with its two neutrons is radioactive.<\/p>\n<p>The technique of cyanography makes it possible to create works from elements captured by the photographic lens, and from elements traced by hand, with a poetic pictorial treatment. A meeting of several facets on the same paper. A search for harmony through social movements or those of the dancers, in the abrazo of tango, the imaginary and Elsewhere.<\/p>\n<p>&nbsp;<\/p>\n<\/div><div class=\"fusion-clearfix\"><\/div><\/div><\/div><\/div><\/div><div class=\"fusion-fullwidth fullwidth-box fusion-builder-row-2 nonhundred-percent-fullwidth non-hundred-percent-height-scrolling\" style=\"--awb-border-radius-top-left:0px;--awb-border-radius-top-right:0px;--awb-border-radius-bottom-right:0px;--awb-border-radius-bottom-left:0px;--awb-flex-wrap:wrap;\" ><div class=\"fusion-builder-row fusion-row\"><div class=\"fusion-layout-column fusion_builder_column fusion-builder-column-2 fusion_builder_column_1_1 1_1 fusion-one-full fusion-column-first fusion-column-last\" style=\"--awb-bg-size:cover;\"><div class=\"fusion-column-wrapper fusion-column-has-shadow fusion-flex-column-wrapper-legacy\"><div class=\"awb-gallery-wrapper awb-gallery-wrapper-1 button-span-no\"><div style=\"margin:-3px;--awb-bordersize:0px;\" class=\"fusion-gallery fusion-gallery-container fusion-grid-3 fusion-columns-total-0 fusion-gallery-layout-grid fusion-gallery-1\"><\/div><\/div><div class=\"fusion-clearfix\"><\/div><\/div><\/div><\/div><\/div><\/p>\n","protected":false},"excerpt":{"rendered":"<p style=\"text-align: right;\">Cyanography by Azul LOEVE<br \/>\n50 x 65 cm | 2014<br \/>\nCyanotype ink on handmade paper<\/p>\n[fusion_separator style_type=\"single solid\" hide_on_mobile=\"small-visibility,medium-visibility,large-visibility\" class=\"H6\" id=\"\" sep_color=\"\" top_margin=\"\" bottom_margin=\"\" border_size=\"\" icon=\"\" icon_size=\"\" icon_circle=\"\" icon_circle_color=\"\" width=\"\" alignment=\"center\"][\/fusion_separator]\n","protected":false},"featured_media":2698,"template":"","meta":[],"product_brand":[],"product_cat":[191,222,213,224,206,216,201,217],"product_tag":[],"class_list":{"0":"post-3465","1":"product","2":"type-product","3":"status-publish","4":"has-post-thumbnail","6":"product_cat-2014-en","7":"product_cat-abstract","8":"product_cat-arles-en","9":"product_cat-human-body","10":"product_cat-isotopy","11":"product_cat-marseille-en","12":"product_cat-off-track","13":"product_cat-osny-en","15":"first","16":"instock","17":"sold-individually","18":"taxable","19":"shipping-taxable","20":"product-type-simple"},"_links":{"self":[{"href":"https:\/\/www.cyanographie.com\/en\/wp-json\/wp\/v2\/product\/3465","targetHints":{"allow":["GET"]}}],"collection":[{"href":"https:\/\/www.cyanographie.com\/en\/wp-json\/wp\/v2\/product"}],"about":[{"href":"https:\/\/www.cyanographie.com\/en\/wp-json\/wp\/v2\/types\/product"}],"wp:featuredmedia":[{"embeddable":true,"href":"https:\/\/www.cyanographie.com\/en\/wp-json\/wp\/v2\/media\/2698"}],"wp:attachment":[{"href":"https:\/\/www.cyanographie.com\/en\/wp-json\/wp\/v2\/media?parent=3465"}],"wp:term":[{"taxonomy":"product_brand","embeddable":true,"href":"https:\/\/www.cyanographie.com\/en\/wp-json\/wp\/v2\/product_brand?post=3465"},{"taxonomy":"product_cat","embeddable":true,"href":"https:\/\/www.cyanographie.com\/en\/wp-json\/wp\/v2\/product_cat?post=3465"},{"taxonomy":"product_tag","embeddable":true,"href":"https:\/\/www.cyanographie.com\/en\/wp-json\/wp\/v2\/product_tag?post=3465"}],"curies":[{"name":"wp","href":"https:\/\/api.w.org\/{rel}","templated":true}]}}