{"id":3456,"date":"2015-06-15T23:26:21","date_gmt":"2015-06-15T21:26:21","guid":{"rendered":"https:\/\/www.cyanographie.com\/oeuvres\/probabilite-aquatique-6\/"},"modified":"2022-10-22T15:17:47","modified_gmt":"2022-10-22T13:17:47","slug":"probabilite-aquatique-6","status":"publish","type":"product","link":"https:\/\/www.cyanographie.com\/en\/oeuvres\/probabilite-aquatique-6\/","title":{"rendered":"Probabilit\u00e9 Aquatique #6"},"content":{"rendered":"<p><div class=\"fusion-fullwidth fullwidth-box fusion-builder-row-1 nonhundred-percent-fullwidth non-hundred-percent-height-scrolling\" style=\"--awb-border-radius-top-left:0px;--awb-border-radius-top-right:0px;--awb-border-radius-bottom-right:0px;--awb-border-radius-bottom-left:0px;--awb-background-image:radial-gradient(circle at center center, #ffffff 3%,#ffffff 16%);--awb-flex-wrap:wrap;\" ><div class=\"fusion-builder-row fusion-row\"><div class=\"fusion-layout-column fusion_builder_column fusion-builder-column-0 fusion_builder_column_1_2 1_2 fusion-one-half fusion-column-first\" style=\"--awb-bg-blend:lighten;--awb-bg-size:cover;width:50%;width:calc(50% - ( ( 4% ) * 0.5 ) );margin-right: 4%;\"><div class=\"fusion-column-wrapper fusion-column-has-shadow fusion-flex-column-wrapper-legacy\"><div class=\"fusion-text fusion-text-1\"><h4><span style=\"color: #ff9900;\">Aquatic Probabilities<\/span><\/h4>\n<p>Chance or destiny, Mathematics swims in a mysterious broth of culture, random biology or cubic convolution?<\/p>\n<p>&nbsp;<\/p>\n<p>Homage to my great-uncle Micha LOEVE and his book published in 1963 TH\u00c9ORIE DES PROBABILIT\u00c9S (I am delighted that my family name is in a theorem!).<\/p>\n<p>First series that I created by declining an idea, I very quickly liked to disseminate my Probabilit\u00e9s Aquatiques in solo or duo in each exhibition.<\/p>\n<p>The #6 specifies the possibility of capturing the series, the legible facets and the mosaic of possibilities.<\/p>\n<p>&nbsp;<\/p>\n<\/div><div class=\"fusion-clearfix\"><\/div><\/div><\/div><div class=\"fusion-layout-column fusion_builder_column fusion-builder-column-1 fusion_builder_column_1_2 1_2 fusion-one-half fusion-column-last\" style=\"--awb-bg-size:cover;width:50%;width:calc(50% - ( ( 4% ) * 0.5 ) );\"><div class=\"fusion-column-wrapper fusion-column-has-shadow fusion-flex-column-wrapper-legacy\"><div class=\"fusion-text fusion-text-2\"><p style=\"text-align: right;\">A roll of the dice will never abolish Randomness.<br \/>\nSt\u00e9phane MALLARM\u00c9 | Cosmopolis Magazine | 1897<\/p>\n<\/div><div class=\"fusion-sep-clear\"><\/div><div class=\"fusion-separator fusion-full-width-sep\" style=\"margin-left: auto;margin-right: auto;margin-top:12px;margin-bottom:12px;width:100%;\"><div class=\"fusion-separator-border sep-single sep-dashed\" style=\"--awb-height:20px;--awb-amount:20px;border-color:#708090;border-top-width:1px;\"><\/div><\/div><div class=\"fusion-sep-clear\"><\/div><div class=\"fusion-text fusion-text-3\"><div><\/div>\n<div>The PROBABILIT\u00c9S AQUATIQUES collection was hung for the first time in Arles in September 2015. The collective EL TRECE TANGO CLUB had exhibited my cyanographies in an alcove of the Fr\u00e8res Pr\u00eacheurs church transformed into an ephemeral gallery during the REY DEL COMPAS festival.<\/div>\n<\/div><div class=\"fusion-sep-clear\"><\/div><div class=\"fusion-separator fusion-full-width-sep\" style=\"margin-left: auto;margin-right: auto;margin-top:12px;margin-bottom:12px;width:100%;\"><div class=\"fusion-separator-border sep-single sep-dashed\" style=\"--awb-height:20px;--awb-amount:20px;border-color:#708090;border-top-width:1px;\"><\/div><\/div><div class=\"fusion-sep-clear\"><\/div><div class=\"fusion-text fusion-text-4\"><p style=\"text-align: right;\">ON INTERNET<\/p>\n<p style=\"text-align: right;\">Wikip\u00e9dia Post on<a href=\"https:\/\/fr.wikipedia.org\/wiki\/Michel_Lo%C3%A8ve\" target=\"_blank\" rel=\"noopener noreferrer\"> Michel LOEVE<\/a><br \/>\nWikip\u00e9dia Post on <a href=\"https:\/\/fr.wikipedia.org\/wiki\/Un_coup_de_d%C3%A9s_jamais_n'abolira_le_hasard\" target=\"_blank\" rel=\"noopener noreferrer\">Un coup de d\u00e9s&#8230; St\u00e9phane Mallarm\u00e9<\/a><\/p>\n<\/div><div class=\"fusion-clearfix\"><\/div><\/div><\/div><\/div><\/div><div class=\"fusion-fullwidth fullwidth-box fusion-builder-row-2 nonhundred-percent-fullwidth non-hundred-percent-height-scrolling\" style=\"--awb-border-radius-top-left:0px;--awb-border-radius-top-right:0px;--awb-border-radius-bottom-right:0px;--awb-border-radius-bottom-left:0px;--awb-flex-wrap:wrap;\" ><div class=\"fusion-builder-row fusion-row\"><div class=\"fusion-layout-column fusion_builder_column fusion-builder-column-2 fusion_builder_column_1_1 1_1 fusion-one-full fusion-column-first fusion-column-last\" style=\"--awb-bg-size:cover;\"><div class=\"fusion-column-wrapper fusion-column-has-shadow fusion-flex-column-wrapper-legacy\"><div class=\"awb-gallery-wrapper awb-gallery-wrapper-1 button-span-no\"><div style=\"margin:-3px;--awb-bordersize:0px;\" class=\"fusion-gallery fusion-gallery-container fusion-grid-3 fusion-columns-total-6 fusion-gallery-layout-grid fusion-gallery-1\"><div style=\"padding:3px;\" class=\"fusion-grid-column fusion-gallery-column fusion-gallery-column-3 hover-type-zoomout\"><div class=\"fusion-gallery-image\"><a href=\"https:\/\/www.cyanographie.com\/wp-content\/uploads\/2020\/06\/2015_LOEVE_ProbabiliteAquatique06.jpg\" data-title=\"2015_LOEVE_ProbabiliteAquatique06\" title=\"2015_LOEVE_ProbabiliteAquatique06\" rel=\"noreferrer\" data-rel=\"iLightbox[gallery_image_1]\" class=\"fusion-lightbox\" target=\"_self\"><img decoding=\"async\" src=\"https:\/\/www.cyanographie.com\/wp-content\/uploads\/2020\/06\/2015_LOEVE_ProbabiliteAquatique06-460x295.jpg\" width=\"460\" height=\"295\" alt=\"\" title=\"2015_LOEVE_ProbabiliteAquatique06\" aria-label=\"2015_LOEVE_ProbabiliteAquatique06\" class=\"img-responsive wp-image-1905 fusion-gallery-image-size-fixed\"  \/><\/a><\/div><\/div><div style=\"padding:3px;\" class=\"fusion-grid-column fusion-gallery-column fusion-gallery-column-3 hover-type-zoomout\"><div class=\"fusion-gallery-image\"><a href=\"https:\/\/www.cyanographie.com\/wp-content\/uploads\/2020\/06\/2015_LOEVE_ProbabiliteAquatique01bis.jpg\" data-title=\"2015_LOEVE_2015_LOEVE_ProbabiliteAquatique1ProbabiliteAquatique01bis\" title=\"2015_LOEVE_2015_LOEVE_ProbabiliteAquatique1ProbabiliteAquatique01bis\" rel=\"noreferrer\" data-rel=\"iLightbox[gallery_image_1]\" class=\"fusion-lightbox\" target=\"_self\"><img decoding=\"async\" src=\"https:\/\/www.cyanographie.com\/wp-content\/uploads\/2020\/06\/2015_LOEVE_ProbabiliteAquatique01bis-460x295.jpg\" width=\"460\" height=\"295\" alt=\"2015_LOEVE_ProbabiliteAquatique1\" title=\"2015_LOEVE_2015_LOEVE_ProbabiliteAquatique1ProbabiliteAquatique01bis\" aria-label=\"2015_LOEVE_2015_LOEVE_ProbabiliteAquatique1ProbabiliteAquatique01bis\" class=\"img-responsive wp-image-1900 fusion-gallery-image-size-fixed\"  \/><\/a><\/div><\/div><div style=\"padding:3px;\" class=\"fusion-grid-column fusion-gallery-column fusion-gallery-column-3 hover-type-zoomout\"><div class=\"fusion-gallery-image\"><a href=\"https:\/\/www.cyanographie.com\/wp-content\/uploads\/2020\/06\/2015_LOEVE_ProbabiliteAquatique02.jpg\" data-title=\"2015_LOEVE_ProbabiliteAquatique02\" title=\"2015_LOEVE_ProbabiliteAquatique02\" rel=\"noreferrer\" data-rel=\"iLightbox[gallery_image_1]\" class=\"fusion-lightbox\" target=\"_self\"><img decoding=\"async\" src=\"https:\/\/www.cyanographie.com\/wp-content\/uploads\/2020\/06\/2015_LOEVE_ProbabiliteAquatique02-460x295.jpg\" width=\"460\" height=\"295\" alt=\"\" title=\"2015_LOEVE_ProbabiliteAquatique02\" aria-label=\"2015_LOEVE_ProbabiliteAquatique02\" class=\"img-responsive wp-image-1901 fusion-gallery-image-size-fixed\"  \/><\/a><\/div><\/div><div class=\"clearfix\"><\/div><div style=\"padding:3px;\" class=\"fusion-grid-column fusion-gallery-column fusion-gallery-column-3 hover-type-zoomout\"><div class=\"fusion-gallery-image\"><a href=\"https:\/\/www.cyanographie.com\/wp-content\/uploads\/2020\/06\/2015_LOEVE_ProbabiliteAquatique03.jpg\" data-title=\"2015_LOEVE_ProbabiliteAquatique03\" title=\"2015_LOEVE_ProbabiliteAquatique03\" rel=\"noreferrer\" data-rel=\"iLightbox[gallery_image_1]\" class=\"fusion-lightbox\" target=\"_self\"><img decoding=\"async\" src=\"https:\/\/www.cyanographie.com\/wp-content\/uploads\/2020\/06\/2015_LOEVE_ProbabiliteAquatique03-460x295.jpg\" width=\"460\" height=\"295\" alt=\"\" title=\"2015_LOEVE_ProbabiliteAquatique03\" aria-label=\"2015_LOEVE_ProbabiliteAquatique03\" class=\"img-responsive wp-image-1902 fusion-gallery-image-size-fixed\"  \/><\/a><\/div><\/div><div style=\"padding:3px;\" class=\"fusion-grid-column fusion-gallery-column fusion-gallery-column-3 hover-type-zoomout\"><div class=\"fusion-gallery-image\"><a href=\"https:\/\/www.cyanographie.com\/wp-content\/uploads\/2020\/06\/2015_LOEVE_ProbabiliteAquatique05.jpg\" data-title=\"2015_LOEVE_ProbabiliteAquatique05\" title=\"2015_LOEVE_ProbabiliteAquatique05\" rel=\"noreferrer\" data-rel=\"iLightbox[gallery_image_1]\" class=\"fusion-lightbox\" target=\"_self\"><img decoding=\"async\" src=\"https:\/\/www.cyanographie.com\/wp-content\/uploads\/2020\/06\/2015_LOEVE_ProbabiliteAquatique05-460x295.jpg\" width=\"460\" height=\"295\" alt=\"\" title=\"2015_LOEVE_ProbabiliteAquatique05\" aria-label=\"2015_LOEVE_ProbabiliteAquatique05\" class=\"img-responsive wp-image-1904 fusion-gallery-image-size-fixed\"  \/><\/a><\/div><\/div><div style=\"padding:3px;\" class=\"fusion-grid-column fusion-gallery-column fusion-gallery-column-3 hover-type-zoomout\"><div class=\"fusion-gallery-image\"><a href=\"https:\/\/www.cyanographie.com\/wp-content\/uploads\/2020\/06\/2015_LOEVE_ProbabiliteAquatique04.jpg\" data-title=\"2015_LOEVE_ProbabiliteAquatique04\" title=\"2015_LOEVE_ProbabiliteAquatique04\" rel=\"noreferrer\" data-rel=\"iLightbox[gallery_image_1]\" class=\"fusion-lightbox\" target=\"_self\"><img decoding=\"async\" src=\"https:\/\/www.cyanographie.com\/wp-content\/uploads\/2020\/06\/2015_LOEVE_ProbabiliteAquatique04-460x295.jpg\" width=\"460\" height=\"295\" alt=\"\" title=\"2015_LOEVE_ProbabiliteAquatique04\" aria-label=\"2015_LOEVE_ProbabiliteAquatique04\" class=\"img-responsive wp-image-1903 fusion-gallery-image-size-fixed\"  \/><\/a><\/div><\/div><div class=\"clearfix\"><\/div><\/div><\/div><div class=\"fusion-clearfix\"><\/div><\/div><\/div><\/div><\/div><\/p>\n","protected":false},"excerpt":{"rendered":"<p style=\"text-align: right;\">Cyanography by Azul LOEVE<br \/>\n42 x 30 cm | 2015<br \/>\nCyanotype ink on Canson paper<\/p>\n[fusion_separator style_type=\"single solid\" hide_on_mobile=\"small-visibility,medium-visibility,large-visibility\" class=\"H6\" id=\"\" sep_color=\"\" top_margin=\"\" bottom_margin=\"\" border_size=\"\" icon=\"\" icon_size=\"\" icon_circle=\"\" icon_circle_color=\"\" width=\"\" alignment=\"center\"][\/fusion_separator]\n","protected":false},"featured_media":2925,"template":"","meta":[],"product_brand":[],"product_cat":[192,222,209,213,216,227,218,229],"product_tag":[],"class_list":{"0":"post-3456","1":"product","2":"type-product","3":"status-publish","4":"has-post-thumbnail","6":"product_cat-2015-en","7":"product_cat-abstract","8":"product_cat-acquatic-probabilities","9":"product_cat-arles-en","10":"product_cat-marseille-en","11":"product_cat-nature","12":"product_cat-paris","13":"product_cat-theme-science-en","15":"first","16":"instock","17":"sold-individually","18":"taxable","19":"shipping-taxable","20":"product-type-simple"},"_links":{"self":[{"href":"https:\/\/www.cyanographie.com\/en\/wp-json\/wp\/v2\/product\/3456","targetHints":{"allow":["GET"]}}],"collection":[{"href":"https:\/\/www.cyanographie.com\/en\/wp-json\/wp\/v2\/product"}],"about":[{"href":"https:\/\/www.cyanographie.com\/en\/wp-json\/wp\/v2\/types\/product"}],"wp:featuredmedia":[{"embeddable":true,"href":"https:\/\/www.cyanographie.com\/en\/wp-json\/wp\/v2\/media\/2925"}],"wp:attachment":[{"href":"https:\/\/www.cyanographie.com\/en\/wp-json\/wp\/v2\/media?parent=3456"}],"wp:term":[{"taxonomy":"product_brand","embeddable":true,"href":"https:\/\/www.cyanographie.com\/en\/wp-json\/wp\/v2\/product_brand?post=3456"},{"taxonomy":"product_cat","embeddable":true,"href":"https:\/\/www.cyanographie.com\/en\/wp-json\/wp\/v2\/product_cat?post=3456"},{"taxonomy":"product_tag","embeddable":true,"href":"https:\/\/www.cyanographie.com\/en\/wp-json\/wp\/v2\/product_tag?post=3456"}],"curies":[{"name":"wp","href":"https:\/\/api.w.org\/{rel}","templated":true}]}}