{"id":3438,"date":"2018-11-13T09:37:46","date_gmt":"2018-11-13T08:37:46","guid":{"rendered":"https:\/\/www.cyanographie.com\/oeuvres\/love-for-paris-en\/"},"modified":"2022-10-22T15:06:39","modified_gmt":"2022-10-22T13:06:39","slug":"love-for-paris-en","status":"publish","type":"product","link":"https:\/\/www.cyanographie.com\/en\/oeuvres\/love-for-paris-en\/","title":{"rendered":"Love For Paris"},"content":{"rendered":"<div class=\"fusion-fullwidth fullwidth-box fusion-builder-row-1 nonhundred-percent-fullwidth non-hundred-percent-height-scrolling\" style=\"--awb-border-radius-top-left:0px;--awb-border-radius-top-right:0px;--awb-border-radius-bottom-right:0px;--awb-border-radius-bottom-left:0px;--awb-background-image:radial-gradient(circle at center center, #ffffff 3%,#ffffff 16%);--awb-flex-wrap:wrap;\" ><div class=\"fusion-builder-row fusion-row\"><div class=\"fusion-layout-column fusion_builder_column fusion-builder-column-0 fusion_builder_column_1_2 1_2 fusion-one-half fusion-column-first\" style=\"--awb-bg-blend:lighten;--awb-bg-size:cover;width:50%;width:calc(50% - ( ( 4% ) * 0.5 ) );margin-right: 4%;\"><div class=\"fusion-column-wrapper fusion-column-has-shadow fusion-flex-column-wrapper-legacy\"><div class=\"fusion-text fusion-text-1\"><h4 style=\"text-align: right;\"><span style=\"color: #ff9900;\">LOVE FOR PARIS<\/span><\/h4>\n<div class=\"\" dir=\"auto\">\n<div class=\"\" dir=\"auto\">\n<div class=\"ecm0bbzt hv4rvrfc ihqw7lf3 dati1w0a\" data-ad-comet-preview=\"message\" data-ad-preview=\"message\">\n<div class=\"j83agx80 cbu4d94t ew0dbk1b irj2b8pg\">\n<div class=\"qzhwtbm6 knvmm38d\">\n<div class=\"kvgmc6g5 cxmmr5t8 oygrvhab hcukyx3x c1et5uql ii04i59q\">\n<div dir=\"auto\">\n<p>This visual was composed for the association <a href=\"http:\/\/lifeforparis.org\/\" target=\"_blank\" rel=\"noopener noreferrer\">Life for Paris<\/a> on the occasion of the commemoration of the 3-year anniversary of the attacks of November 13, 2015.<\/p>\n<p>Ces 3 doigts lev\u00e9s, pour les 3 ans pass\u00e9s, forment un signe bien connu des amateurs du groupe Eagles Of Death Metal car il figure sur la pochette de leur album de 2004&#8230; et non, ce n&#8217;est pas Rock&#8217;n&#8217;Roll mais bien Amour, en langues des signes internationale.<\/p>\n<p>Cette \u0153uvre m&#8217;importe beaucoup, j&#8217;ai \u00e9t\u00e9 impact\u00e9e par un des attentats du 13 novembre, et \u00e7a donne du sens \u00e0 mon activit\u00e9 artistique de mettre une touche de bleu, de po\u00e9sie, d&#8217;amour sur l&#8217;apr\u00e8s.<br \/>\nCette commande m&#8217;a permis aussi de souffler fort sur les \u00e9tincelles de cr\u00e9ativit\u00e9, un peu \u00e9teintes depuis les attentats,&#8230;\u00a0 je voulais honorer ce rendez-vous symbolique et remercie <a href=\"http:\/\/lifeforparis.org\/\" target=\"_blank\" rel=\"noopener noreferrer\">Life for Paris<\/a> de sa confiance.<\/p>\n<\/div>\n<\/div>\n<\/div>\n<\/div>\n<\/div>\n<\/div>\n<\/div>\n<\/div><div class=\"fusion-clearfix\"><\/div><\/div><\/div><div class=\"fusion-layout-column fusion_builder_column fusion-builder-column-1 fusion_builder_column_1_2 1_2 fusion-one-half fusion-column-last\" style=\"--awb-bg-size:cover;width:50%;width:calc(50% - ( ( 4% ) * 0.5 ) );\"><div class=\"fusion-column-wrapper fusion-column-has-shadow fusion-flex-column-wrapper-legacy\"><div class=\"fusion-text fusion-text-2\"><h4><span style=\"color: #ff9900;\">Th\u00e9ba\u00efds<\/span><\/h4>\n<div class=\"blog-widget-container\">\n<div class=\"article-info muted\">\n<div class=\"post-texts\">\n<div>\n<p>&#8220;Already he dreamed of a refined thebaid, a comfortable desert, a still and warm ark where he would take refuge from the incessant flood of human stupidity&#8221; HUYSMANS | Backwards | 1884<\/p>\n<p>In French, this name has taken on a specific meaning, derived from its original meaning: a region of Egypt, around Thebes, now called Luxor. This city was an oasis in the middle of a desert area&#8230; in which persecuted Christian communities had taken refuge.<br \/>\nThebaid is therefore a quiet and remote place to live isolated, in peace.<\/p>\n<p>The Thebaids, a collection of cyanographies that belong to no other.<br \/>\nEither they were exhibited in &#8220;panorama&#8221; mode, as at the Invalides in 2018, where the idea was to show the range of possibilities, or they are unpublished, in a hermitage at the Thebaides, while a collection is being built up.<\/p>\n<\/div>\n<\/div>\n<\/div>\n<\/div>\n<\/div><div class=\"fusion-clearfix\"><\/div><\/div><\/div><\/div><\/div>\n","protected":false},"excerpt":{"rendered":"<p style=\"text-align: right;\">Cyanography by Azul LOEVE<br \/>\n42 x 29,7 cm | 2018<br \/>\nEncre cyanotype sur papier Etival<\/p>\n[fusion_separator style_type=\"single solid\" hide_on_mobile=\"small-visibility,medium-visibility,large-visibility\" class=\"H6\" id=\"\" sep_color=\"\" top_margin=\"\" bottom_margin=\"\" border_size=\"\" icon=\"\" icon_size=\"\" icon_circle=\"\" icon_circle_color=\"\" width=\"\" alignment=\"center\"][\/fusion_separator]\n","protected":false},"featured_media":3118,"template":"","meta":[],"product_brand":[],"product_cat":[195,212,224,228,210],"product_tag":[],"class_list":{"0":"post-3438","1":"product","2":"type-product","3":"status-publish","4":"has-post-thumbnail","6":"product_cat-2018-en","7":"product_cat-chambrebleue-en","8":"product_cat-human-body","9":"product_cat-theme-paris-en","10":"product_cat-thebaids","12":"first","13":"instock","14":"sold-individually","15":"taxable","16":"shipping-taxable","17":"product-type-simple"},"_links":{"self":[{"href":"https:\/\/www.cyanographie.com\/en\/wp-json\/wp\/v2\/product\/3438","targetHints":{"allow":["GET"]}}],"collection":[{"href":"https:\/\/www.cyanographie.com\/en\/wp-json\/wp\/v2\/product"}],"about":[{"href":"https:\/\/www.cyanographie.com\/en\/wp-json\/wp\/v2\/types\/product"}],"wp:featuredmedia":[{"embeddable":true,"href":"https:\/\/www.cyanographie.com\/en\/wp-json\/wp\/v2\/media\/3118"}],"wp:attachment":[{"href":"https:\/\/www.cyanographie.com\/en\/wp-json\/wp\/v2\/media?parent=3438"}],"wp:term":[{"taxonomy":"product_brand","embeddable":true,"href":"https:\/\/www.cyanographie.com\/en\/wp-json\/wp\/v2\/product_brand?post=3438"},{"taxonomy":"product_cat","embeddable":true,"href":"https:\/\/www.cyanographie.com\/en\/wp-json\/wp\/v2\/product_cat?post=3438"},{"taxonomy":"product_tag","embeddable":true,"href":"https:\/\/www.cyanographie.com\/en\/wp-json\/wp\/v2\/product_tag?post=3438"}],"curies":[{"name":"wp","href":"https:\/\/api.w.org\/{rel}","templated":true}]}}