{"id":3198,"date":"2020-12-08T11:59:22","date_gmt":"2020-12-08T10:59:22","guid":{"rendered":"https:\/\/www.cyanographie.com\/cyanography\/chronicle\/"},"modified":"2020-12-08T11:59:22","modified_gmt":"2020-12-08T10:59:22","slug":"chronicle","status":"publish","type":"page","link":"https:\/\/www.cyanographie.com\/en\/cyanography\/chronicle\/","title":{"rendered":"Chronicle"},"content":{"rendered":"<div class=\"fusion-fullwidth fullwidth-box fusion-builder-row-1 nonhundred-percent-fullwidth non-hundred-percent-height-scrolling\" style=\"--awb-border-radius-top-left:0px;--awb-border-radius-top-right:0px;--awb-border-radius-bottom-right:0px;--awb-border-radius-bottom-left:0px;--awb-margin-top:40px;--awb-flex-wrap:wrap;\" ><div class=\"fusion-builder-row fusion-row\"><div class=\"fusion-layout-column fusion_builder_column fusion-builder-column-0 fusion_builder_column_1_1 1_1 fusion-one-full fusion-column-first fusion-column-last\" style=\"--awb-bg-size:cover;\"><div class=\"fusion-column-wrapper fusion-column-has-shadow fusion-flex-column-wrapper-legacy\"><div class=\"fusion-blog-shortcode fusion-blog-shortcode-1 fusion-blog-archive fusion-blog-layout-medium fusion-blog-pagination\"><div class=\"fusion-posts-container fusion-posts-container-pagination fusion-blog-rollover\" data-pages=\"2\"><article id=\"blog-1-post-3971\" class=\"fusion-post-medium post-3971 post type-post status-publish format-standard has-post-thumbnail hentry category-chronicle category-chronique\">\n\t<style type=\"text\/css\">\n\t\t\n\t\t\n\t\t\n\t\t\n\t\t\t<\/style>\n\n\n\t\t\t<div class=\"fusion-flexslider flexslider fusion-flexslider-loading fusion-post-slideshow\" style=\"\">\n\t\t<ul class=\"slides\">\n\t\t\t\n\t\t\t\t\t\t\t\t\t\t\t\t\t\t<li><div  class=\"fusion-image-wrapper fusion-image-size-fixed\" aria-haspopup=\"true\">\n\t\t\t\t<img decoding=\"async\" width=\"320\" height=\"202\" src=\"https:\/\/www.cyanographie.com\/wp-content\/uploads\/2020\/12\/2015_LOEVE_Depli_M-320x202.jpg\" class=\"attachment-blog-medium size-blog-medium lazyload wp-post-image\" alt=\"\" srcset=\"data:image\/svg+xml,%3Csvg%20xmlns%3D%27http%3A%2F%2Fwww.w3.org%2F2000%2Fsvg%27%20width%3D%27733%27%20height%3D%271000%27%20viewBox%3D%270%200%20733%201000%27%3E%3Crect%20width%3D%27733%27%20height%3D%271000%27%20fill-opacity%3D%220%22%2F%3E%3C%2Fsvg%3E\" data-orig-src=\"https:\/\/www.cyanographie.com\/wp-content\/uploads\/2020\/12\/2015_LOEVE_Depli_M-320x202.jpg\" data-srcset=\"https:\/\/www.cyanographie.com\/wp-content\/uploads\/2020\/12\/2015_LOEVE_Depli_M-320x202.jpg 320w, https:\/\/www.cyanographie.com\/wp-content\/uploads\/2020\/12\/2015_LOEVE_Depli_M-700x441.jpg 700w\" data-sizes=\"auto\" \/><div class=\"fusion-rollover\">\n\t<div class=\"fusion-rollover-content\">\n\n\t\t\t\t\n\t\t\n\t\t\t\t\t\t\t\t\t\t\t\t<h4 class=\"fusion-rollover-title\">\n\t\t\t\t\t<a class=\"fusion-rollover-title-link\" href=\"https:\/\/www.cyanographie.com\/en\/2022-sweetnesses-of-the-last-trimester\/\">\n\t\t\t\t\t\t2022 Sweetnesses of the last trimester\t\t\t\t\t<\/a>\n\t\t\t\t<\/h4>\n\t\t\t\n\t\t\t\t\t\t\t\t\n\t\t\n\t\t\t\t\t\t<a class=\"fusion-link-wrapper\" href=\"https:\/\/www.cyanographie.com\/en\/2022-sweetnesses-of-the-last-trimester\/\" aria-label=\"2022 Sweetnesses of the last trimester\"><\/a>\n\t<\/div>\n<\/div>\n<\/div>\n<\/li>\n\t\t\t\n\t\t\t\n\t\t\t\t\t\t\t\t\t\t\t\t\t\t\t\t\t\t\t\t\t\t\t\t\t\t\t\t\t\t\t\t\t\t\t\t\t\t\t\t\t\t\t\t\t\t\t\t\t\t\t\t\t\t\t\t\t\t\t\t\t\t\t\t\t\t\t\t<\/ul>\n\t<\/div>\n\t<div class=\"fusion-post-content post-content\"><h2 class=\"blog-shortcode-post-title entry-title\"><a href=\"https:\/\/www.cyanographie.com\/en\/2022-sweetnesses-of-the-last-trimester\/\">2022 Sweetnesses of the last trimester<\/a><\/h2><div class=\"fusion-post-content-container\"><p>  2022 | Sweetnesses of the last trimester  The summer was full of small events, short exhibitions and the reorganization of La Chambre Bleue, which can now produce large formats. The new year in cyanography is studious with many applications... Few sure tracks for big exhibitions like those that were cancelled for the last two years, the art world remains cautious, but cyanographies will go back to Japan, and so will I. So the month of October will launch the season of the workshop, the blue magic is reactivated, some orders to honor for the end of the year and ideas to implement. In November and December my cyanographs will be exhibited and sold in several places where the Bleu Nomade workshop regularly camps: in Paris, in Provence, Marseille and Roquefort La B\u00e9doule, in Brittany, in Arradon, in the Morbihan where I also work since this summer. + More info in the coming weeks DEPLI Cyanography by Azul LOEVE 65\u00d750 cm | 2015 | Cyanotype ink on<a href=\"https:\/\/www.cyanographie.com\/en\/2022-sweetnesses-of-the-last-trimester\/\"> [...]<\/a><\/p><\/div><\/div><div class=\"fusion-clearfix\"><\/div><div class=\"fusion-meta-info\"><div class=\"fusion-alignleft\">By <span class=\"vcard\"><span class=\"fn\"><a href=\"https:\/\/www.cyanographie.com\/en\/author\/azul11\/\" title=\"Posts by Azul\" rel=\"author\">Azul<\/a><\/span><\/span><span class=\"fusion-inline-sep\">|<\/span><span class=\"updated\" style=\"display:none;\">2023-03-30T19:18:05+02:00<\/span><span>October 22nd, 2022<\/span><span class=\"fusion-inline-sep\">|<\/span><a href=\"https:\/\/www.cyanographie.com\/en\/categorie\/cyanography\/chronicle\/\" rel=\"category tag\">Chronicle<\/a>, <a href=\"https:\/\/www.cyanographie.com\/categorie\/cyanographie\/chronique\/\" rel=\"category tag\">Chronique<\/a><span class=\"fusion-inline-sep\">|<\/span><\/div><\/div><\/article>\n<article id=\"blog-1-post-3938\" class=\"fusion-post-medium post-3938 post type-post status-publish format-standard has-post-thumbnail hentry category-chronicle tag-exhibition\">\n\t<style type=\"text\/css\">\n\t\t\n\t\t\n\t\t\n\t\t\n\t\t\t<\/style>\n\n\n\t\t\t<div class=\"fusion-flexslider flexslider fusion-flexslider-loading fusion-post-slideshow\" style=\"\">\n\t\t<ul class=\"slides\">\n\t\t\t\n\t\t\t\t\t\t\t\t\t\t\t\t\t\t<li><div  class=\"fusion-image-wrapper fusion-image-size-fixed\" aria-haspopup=\"true\">\n\t\t\t\t<img decoding=\"async\" width=\"320\" height=\"202\" src=\"https:\/\/www.cyanographie.com\/wp-content\/uploads\/2022\/01\/202202_LOEVE_FLYER_01-320x202.jpg\" class=\"attachment-blog-medium size-blog-medium lazyload wp-post-image\" alt=\"\" srcset=\"data:image\/svg+xml,%3Csvg%20xmlns%3D%27http%3A%2F%2Fwww.w3.org%2F2000%2Fsvg%27%20width%3D%271600%27%20height%3D%271131%27%20viewBox%3D%270%200%201600%201131%27%3E%3Crect%20width%3D%271600%27%20height%3D%271131%27%20fill-opacity%3D%220%22%2F%3E%3C%2Fsvg%3E\" data-orig-src=\"https:\/\/www.cyanographie.com\/wp-content\/uploads\/2022\/01\/202202_LOEVE_FLYER_01-320x202.jpg\" data-srcset=\"https:\/\/www.cyanographie.com\/wp-content\/uploads\/2022\/01\/202202_LOEVE_FLYER_01-320x202.jpg 320w, https:\/\/www.cyanographie.com\/wp-content\/uploads\/2022\/01\/202202_LOEVE_FLYER_01-700x441.jpg 700w\" data-sizes=\"auto\" \/><div class=\"fusion-rollover\">\n\t<div class=\"fusion-rollover-content\">\n\n\t\t\t\t\n\t\t\n\t\t\t\t\t\t\t\t\t\t\t\t<h4 class=\"fusion-rollover-title\">\n\t\t\t\t\t<a class=\"fusion-rollover-title-link\" href=\"https:\/\/www.cyanographie.com\/en\/2022-neighbourhood-exhibition-paris\/\">\n\t\t\t\t\t\t2022 | Neighbourhood Exhibition | Paris\t\t\t\t\t<\/a>\n\t\t\t\t<\/h4>\n\t\t\t\n\t\t\t\t\t\t\t\t\n\t\t\n\t\t\t\t\t\t<a class=\"fusion-link-wrapper\" href=\"https:\/\/www.cyanographie.com\/en\/2022-neighbourhood-exhibition-paris\/\" aria-label=\"2022 | Neighbourhood Exhibition | Paris\"><\/a>\n\t<\/div>\n<\/div>\n<\/div>\n<\/li>\n\t\t\t\n\t\t\t\n\t\t\t\t\t\t\t\t\t\t\t\t\t\t\t\t\t\t\t\t\t\t\t\t\t\t\t\t\t\t\t\t\t\t\t\t\t\t\t\t\t\t\t\t\t\t\t\t\t\t\t\t\t\t\t\t\t\t\t\t\t\t\t\t\t\t\t\t<\/ul>\n\t<\/div>\n\t<div class=\"fusion-post-content post-content\"><h2 class=\"blog-shortcode-post-title entry-title\"><a href=\"https:\/\/www.cyanographie.com\/en\/2022-neighbourhood-exhibition-paris\/\">2022 | Neighbourhood Exhibition | Paris<\/a><\/h2><div class=\"fusion-post-content-container\"><p> 02 2022   Exhibition neighbourhood walk     Neighbourhood walk  20\u00e8me, Paris, France  From 1 to 28 February 2022  Individual exhibition  Opening on 2.2.2022 until 22h22  Belle des Champs 77 rue de Bagnolet 75020 Paris  Free entrance from 10am to 6pm        During the month of February, cyanographies are hung in the 20th district in Paris, visible every day from 11am to 8pm Belle des chanvres 77 rue de Bagnolet 75020 Paris M\u00b0 Alexandre Dumas L2 Opening on 2.2.2022 Wednesday from 7pm. The gallery is in a CBD shop, with a place to drink tea, coffee and enjoy a touch of blue, about fifteen artworks initiate a sensitive, photosensitive walk.    <\/p><\/div><\/div><div class=\"fusion-clearfix\"><\/div><div class=\"fusion-meta-info\"><div class=\"fusion-alignleft\">By <span class=\"vcard\"><span class=\"fn\"><a href=\"https:\/\/www.cyanographie.com\/en\/author\/azul11\/\" title=\"Posts by Azul\" rel=\"author\">Azul<\/a><\/span><\/span><span class=\"fusion-inline-sep\">|<\/span><span class=\"updated\" style=\"display:none;\">2022-10-22T12:49:18+02:00<\/span><span>October 21st, 2022<\/span><span class=\"fusion-inline-sep\">|<\/span><a href=\"https:\/\/www.cyanographie.com\/en\/categorie\/cyanography\/chronicle\/\" rel=\"category tag\">Chronicle<\/a><span class=\"fusion-inline-sep\">|<\/span><\/div><\/div><\/article>\n<article id=\"blog-1-post-3908\" class=\"fusion-post-medium post-3908 post type-post status-publish format-standard has-post-thumbnail hentry category-chronicle\">\n\t<style type=\"text\/css\">\n\t\t\n\t\t\n\t\t\n\t\t\n\t\t\t<\/style>\n\n\n\t\t\t<div class=\"fusion-flexslider flexslider fusion-flexslider-loading fusion-post-slideshow\" style=\"\">\n\t\t<ul class=\"slides\">\n\t\t\t\n\t\t\t\t\t\t\t\t\t\t\t\t\t\t<li><div  class=\"fusion-image-wrapper fusion-image-size-fixed\" aria-haspopup=\"true\">\n\t\t\t\t<img decoding=\"async\" width=\"320\" height=\"202\" src=\"https:\/\/www.cyanographie.com\/wp-content\/uploads\/2022\/03\/JEMA_2022_RS-Aubagne_LOEVE_23-320x202.png\" class=\"attachment-blog-medium size-blog-medium lazyload wp-post-image\" alt=\"\" srcset=\"data:image\/svg+xml,%3Csvg%20xmlns%3D%27http%3A%2F%2Fwww.w3.org%2F2000%2Fsvg%27%20width%3D%271622%27%20height%3D%271081%27%20viewBox%3D%270%200%201622%201081%27%3E%3Crect%20width%3D%271622%27%20height%3D%271081%27%20fill-opacity%3D%220%22%2F%3E%3C%2Fsvg%3E\" data-orig-src=\"https:\/\/www.cyanographie.com\/wp-content\/uploads\/2022\/03\/JEMA_2022_RS-Aubagne_LOEVE_23-320x202.png\" data-srcset=\"https:\/\/www.cyanographie.com\/wp-content\/uploads\/2022\/03\/JEMA_2022_RS-Aubagne_LOEVE_23-320x202.png 320w, https:\/\/www.cyanographie.com\/wp-content\/uploads\/2022\/03\/JEMA_2022_RS-Aubagne_LOEVE_23-700x441.png 700w\" data-sizes=\"auto\" \/><div class=\"fusion-rollover\">\n\t<div class=\"fusion-rollover-content\">\n\n\t\t\t\t\n\t\t\n\t\t\t\t\t\t\t\t\t\t\t\t<h4 class=\"fusion-rollover-title\">\n\t\t\t\t\t<a class=\"fusion-rollover-title-link\" href=\"https:\/\/www.cyanographie.com\/en\/2021-autumnal-ardors-2\/\">\n\t\t\t\t\t\t2021 Autumnal ardors\t\t\t\t\t<\/a>\n\t\t\t\t<\/h4>\n\t\t\t\n\t\t\t\t\t\t\t\t\n\t\t\n\t\t\t\t\t\t<a class=\"fusion-link-wrapper\" href=\"https:\/\/www.cyanographie.com\/en\/2021-autumnal-ardors-2\/\" aria-label=\"2021 Autumnal ardors\"><\/a>\n\t<\/div>\n<\/div>\n<\/div>\n<\/li>\n\t\t\t\n\t\t\t\n\t\t\t\t\t\t\t\t\t\t\t\t\t\t\t\t\t\t\t\t\t\t\t\t\t\t\t\t\t\t\t\t\t\t\t\t\t\t\t\t\t\t\t\t\t\t\t\t\t\t\t\t\t\t\t\t\t\t\t\t\t\t\t\t\t\t\t\t<\/ul>\n\t<\/div>\n\t<div class=\"fusion-post-content post-content\"><h2 class=\"blog-shortcode-post-title entry-title\"><a href=\"https:\/\/www.cyanographie.com\/en\/2021-autumnal-ardors-2\/\">2021 Autumnal ardors<\/a><\/h2><div class=\"fusion-post-content-container\"><p> Avril 2022 | Salon des Metiers d'art \u00e0 Aubagne  Dans le cadre des Journ\u00e9es Europ\u00e9ennes des M\u00e9tiers d\u2019Art de 2022 une exposition collective r\u00e9unit \u00e0 c\u00f4t\u00e9 de Marseille des artisans et artistes sous le th\u00e8me \u00ab nos mains \u00e0 l\u2019unisson \u00bb. Azul Loeve sera pr\u00e9sente au Salon des M\u00e9tiers d\u2019art d\u2019Aubagne avec ses cyanographies... et des ateliers d\u2019initiation, r\u00e9alisation d'une empreinte photosensible en bleu et blanc... Le Cyano-Labo aura lieu les samedi et dimanche, r\u00e9servation conseill\u00e9e, + d'info sur la page JEMA 2022 La Chambre des m\u00e9tiers et de l\u2019artisanat de PACA organise cet \u00e9v\u00e8nement \u00e0 l\u2019Espace des Libert\u00e9s d\u2019Aubagne, du vendredi 1er avril au dimanche 3 avril, de 10h \u00e0 18h.       2020 2021 | CONFINORAMA !?  Durant les confinements, j'avais publi\u00e9 une sorte d'oeuvre-chronique : une image par jour, que ce soit un dessin, une photo, une peinture, sans me limiter \u00e0 la cyanographie. La seule contrainte, \u00e0 part le rythme quotidien, c'est le noir et blanc. Par l\u00e0<a href=\"https:\/\/www.cyanographie.com\/en\/2021-autumnal-ardors-2\/\"> [...]<\/a><\/p><\/div><\/div><div class=\"fusion-clearfix\"><\/div><div class=\"fusion-meta-info\"><div class=\"fusion-alignleft\">By <span class=\"vcard\"><span class=\"fn\"><a href=\"https:\/\/www.cyanographie.com\/en\/author\/azul11\/\" title=\"Posts by Azul\" rel=\"author\">Azul<\/a><\/span><\/span><span class=\"fusion-inline-sep\">|<\/span><span class=\"updated\" style=\"display:none;\">2022-10-22T13:05:09+02:00<\/span><span>January 27th, 2022<\/span><span class=\"fusion-inline-sep\">|<\/span><a href=\"https:\/\/www.cyanographie.com\/en\/categorie\/cyanography\/chronicle\/\" rel=\"category tag\">Chronicle<\/a><span class=\"fusion-inline-sep\">|<\/span><\/div><\/div><\/article>\n<article id=\"blog-1-post-3641\" class=\"fusion-post-medium post-3641 post type-post status-publish format-standard has-post-thumbnail hentry category-chronicle\">\n\t<style type=\"text\/css\">\n\t\t\n\t\t\n\t\t\n\t\t\n\t\t\t<\/style>\n\n\n\t\t\t<div class=\"fusion-flexslider flexslider fusion-flexslider-loading fusion-post-slideshow\" style=\"\">\n\t\t<ul class=\"slides\">\n\t\t\t\n\t\t\t\t\t\t\t\t\t\t\t\t\t\t<li><div  class=\"fusion-image-wrapper fusion-image-size-fixed\" aria-haspopup=\"true\">\n\t\t\t\t<img decoding=\"async\" width=\"320\" height=\"202\" src=\"https:\/\/www.cyanographie.com\/wp-content\/uploads\/2020\/05\/IMG_20200413_19511631-320x202.jpg\" class=\"attachment-blog-medium size-blog-medium lazyload wp-post-image\" alt=\"\" srcset=\"data:image\/svg+xml,%3Csvg%20xmlns%3D%27http%3A%2F%2Fwww.w3.org%2F2000%2Fsvg%27%20width%3D%272400%27%20height%3D%271528%27%20viewBox%3D%270%200%202400%201528%27%3E%3Crect%20width%3D%272400%27%20height%3D%271528%27%20fill-opacity%3D%220%22%2F%3E%3C%2Fsvg%3E\" data-orig-src=\"https:\/\/www.cyanographie.com\/wp-content\/uploads\/2020\/05\/IMG_20200413_19511631-320x202.jpg\" data-srcset=\"https:\/\/www.cyanographie.com\/wp-content\/uploads\/2020\/05\/IMG_20200413_19511631-200x127.jpg 200w, https:\/\/www.cyanographie.com\/wp-content\/uploads\/2020\/05\/IMG_20200413_19511631-320x202.jpg 320w, https:\/\/www.cyanographie.com\/wp-content\/uploads\/2020\/05\/IMG_20200413_19511631-700x441.jpg 700w\" data-sizes=\"auto\" \/><div class=\"fusion-rollover\">\n\t<div class=\"fusion-rollover-content\">\n\n\t\t\t\t\n\t\t\n\t\t\t\t\t\t\t\t\t\t\t\t<h4 class=\"fusion-rollover-title\">\n\t\t\t\t\t<a class=\"fusion-rollover-title-link\" href=\"https:\/\/www.cyanographie.com\/en\/2021-spring-shuffle\/\">\n\t\t\t\t\t\t2021 Spring Shuffle\t\t\t\t\t<\/a>\n\t\t\t\t<\/h4>\n\t\t\t\n\t\t\t\t\t\t\t\t\n\t\t\n\t\t\t\t\t\t<a class=\"fusion-link-wrapper\" href=\"https:\/\/www.cyanographie.com\/en\/2021-spring-shuffle\/\" aria-label=\"2021 Spring Shuffle\"><\/a>\n\t<\/div>\n<\/div>\n<\/div>\n<\/li>\n\t\t\t\n\t\t\t\n\t\t\t\t\t\t\t\t\t\t\t\t\t\t\t\t\t\t\t\t\t\t\t\t\t\t\t\t\t\t\t\t\t\t\t\t\t\t\t\t\t\t\t\t\t\t\t\t\t\t\t\t\t\t\t\t\t\t\t\t\t\t\t\t\t\t\t\t<\/ul>\n\t<\/div>\n\t<div class=\"fusion-post-content post-content\"><h2 class=\"blog-shortcode-post-title entry-title\"><a href=\"https:\/\/www.cyanographie.com\/en\/2021-spring-shuffle\/\">2021 Spring Shuffle<\/a><\/h2><div class=\"fusion-post-content-container\"><p> Spring 2021... Shuffle !  Change of place, the residency at the Pounche workshop is over, it was time to pack again. My studio moves often, I like to keep the same name to identify all the places where I put my tools... in this case, the \"Blue Room\". Of course, this name refers to the darkroom of a photo lab, and since I left the Chambre Bleue on rue Charonne in Paris 2 years ago, my workshop could just as well be called \"Bleu Nomade\"... In the next few days the new workshop will be operational, still in Provence, closer to the Mediterranean. I will be able to restart cyanography, but unfortunately still no teaching workshop, due to the crisis.   ... and Brainstorming...  Back in lockdown... and here we go for a second loop of annual cancellations: the events that were postponed in 2020 will not take place this year either. The European Crafts Days were to be held in April, I was among<a href=\"https:\/\/www.cyanographie.com\/en\/2021-spring-shuffle\/\"> [...]<\/a><\/p><\/div><\/div><div class=\"fusion-clearfix\"><\/div><div class=\"fusion-meta-info\"><div class=\"fusion-alignleft\">By <span class=\"vcard\"><span class=\"fn\"><a href=\"https:\/\/www.cyanographie.com\/en\/author\/azul11\/\" title=\"Posts by Azul\" rel=\"author\">Azul<\/a><\/span><\/span><span class=\"fusion-inline-sep\">|<\/span><span class=\"updated\" style=\"display:none;\">2021-11-10T10:03:34+01:00<\/span><span>November 10th, 2021<\/span><span class=\"fusion-inline-sep\">|<\/span><a href=\"https:\/\/www.cyanographie.com\/en\/categorie\/cyanography\/chronicle\/\" rel=\"category tag\">Chronicle<\/a><span class=\"fusion-inline-sep\">|<\/span><\/div><\/div><\/article>\n<article id=\"blog-1-post-3147\" class=\"fusion-post-medium post-3147 post type-post status-publish format-standard has-post-thumbnail hentry category-chronicle\">\n\t<style type=\"text\/css\">\n\t\t\n\t\t\n\t\t\n\t\t\n\t\t\t<\/style>\n\n\n\t\t\t<div class=\"fusion-flexslider flexslider fusion-flexslider-loading fusion-post-slideshow\" style=\"\">\n\t\t<ul class=\"slides\">\n\t\t\t\n\t\t\t\t\t\t\t\t\t\t\t\t\t\t<li><div  class=\"fusion-image-wrapper fusion-image-size-fixed\" aria-haspopup=\"true\">\n\t\t\t\t<img decoding=\"async\" width=\"320\" height=\"202\" src=\"https:\/\/www.cyanographie.com\/wp-content\/uploads\/2020\/05\/92655733_2944815645578572_2187904010424418304_o-320x202.jpg\" class=\"attachment-blog-medium size-blog-medium lazyload wp-post-image\" alt=\"\" srcset=\"data:image\/svg+xml,%3Csvg%20xmlns%3D%27http%3A%2F%2Fwww.w3.org%2F2000%2Fsvg%27%20width%3D%271500%27%20height%3D%272000%27%20viewBox%3D%270%200%201500%202000%27%3E%3Crect%20width%3D%271500%27%20height%3D%272000%27%20fill-opacity%3D%220%22%2F%3E%3C%2Fsvg%3E\" data-orig-src=\"https:\/\/www.cyanographie.com\/wp-content\/uploads\/2020\/05\/92655733_2944815645578572_2187904010424418304_o-320x202.jpg\" data-srcset=\"https:\/\/www.cyanographie.com\/wp-content\/uploads\/2020\/05\/92655733_2944815645578572_2187904010424418304_o-320x202.jpg 320w, https:\/\/www.cyanographie.com\/wp-content\/uploads\/2020\/05\/92655733_2944815645578572_2187904010424418304_o-700x441.jpg 700w\" data-sizes=\"auto\" \/><div class=\"fusion-rollover\">\n\t<div class=\"fusion-rollover-content\">\n\n\t\t\t\t\n\t\t\n\t\t\t\t\t\t\t\t\t\t\t\t<h4 class=\"fusion-rollover-title\">\n\t\t\t\t\t<a class=\"fusion-rollover-title-link\" href=\"https:\/\/www.cyanographie.com\/en\/2020-hiver-inattendu\/\">\n\t\t\t\t\t\tUnexpected Winter of 2020\t\t\t\t\t<\/a>\n\t\t\t\t<\/h4>\n\t\t\t\n\t\t\t\t\t\t\t\t\n\t\t\n\t\t\t\t\t\t<a class=\"fusion-link-wrapper\" href=\"https:\/\/www.cyanographie.com\/en\/2020-hiver-inattendu\/\" aria-label=\"Unexpected Winter of 2020\"><\/a>\n\t<\/div>\n<\/div>\n<\/div>\n<\/li>\n\t\t\t\n\t\t\t\n\t\t\t\t\t\t\t\t\t\t\t\t\t\t\t\t\t\t\t\t\t\t\t\t\t\t\t\t\t\t\t\t\t\t\t\t\t\t\t\t\t\t\t\t\t\t\t\t\t\t\t\t\t\t\t\t\t\t\t\t\t\t\t\t\t\t\t\t<\/ul>\n\t<\/div>\n\t<div class=\"fusion-post-content post-content\"><h2 class=\"blog-shortcode-post-title entry-title\"><a href=\"https:\/\/www.cyanographie.com\/en\/2020-hiver-inattendu\/\">Unexpected Winter of 2020<\/a><\/h2><div class=\"fusion-post-content-container\"><p>  Winter 2020 unexpected touch of blue  An exhibition that really took place in 2020, in France!? --&gt; From Friday, December 11th to Friday, December 18th, Azul Loeve unveiled a new cyanography at the Hublot d'Ivry... Exhibition to be found on this page. The Hublot continued its programming during the confinement, exhibitions of visual arts visible from a large public square, the Place Voltaire in Ivry sur Seine. The mini-gallery proved to be well adapted to the current cultural restrictions.  New lockdown, second confinorama  After the 55 days of the first Confinorama, a second one has just finish on the account Instagram Azul.Loeve It is a creative challenge that I launched myself in mid-March, to publish one image per day, be it a drawing, a photo, a painting, without limiting myself to cyanography. The only constraint, apart from the daily rhythm, is black and white. Sometimes the exercise became a bit overwhelming, but it allowed me to start a continuous creative thread... in climbing, we<a href=\"https:\/\/www.cyanographie.com\/en\/2020-hiver-inattendu\/\"> [...]<\/a><\/p><\/div><\/div><div class=\"fusion-clearfix\"><\/div><div class=\"fusion-meta-info\"><div class=\"fusion-alignleft\">By <span class=\"vcard\"><span class=\"fn\"><a href=\"https:\/\/www.cyanographie.com\/en\/author\/azul11\/\" title=\"Posts by Azul\" rel=\"author\">Azul<\/a><\/span><\/span><span class=\"fusion-inline-sep\">|<\/span><span class=\"updated\" style=\"display:none;\">2021-11-10T10:04:48+01:00<\/span><span>December 6th, 2020<\/span><span class=\"fusion-inline-sep\">|<\/span><a href=\"https:\/\/www.cyanographie.com\/en\/categorie\/cyanography\/chronicle\/\" rel=\"category tag\">Chronicle<\/a><span class=\"fusion-inline-sep\">|<\/span><\/div><\/div><\/article>\n<article id=\"blog-1-post-3300\" class=\"fusion-post-medium post-3300 post type-post status-publish format-standard has-post-thumbnail hentry category-chronicle tag-confinorama-en\">\n\t<style type=\"text\/css\">\n\t\t\n\t\t\n\t\t\n\t\t\n\t\t\t<\/style>\n\n\n\t\t\t<div class=\"fusion-flexslider flexslider fusion-flexslider-loading fusion-post-slideshow\" style=\"\">\n\t\t<ul class=\"slides\">\n\t\t\t\n\t\t\t\t\t\t\t\t\t\t\t\t\t\t<li><div  class=\"fusion-image-wrapper fusion-image-size-fixed\" aria-haspopup=\"true\">\n\t\t\t\t<img decoding=\"async\" width=\"320\" height=\"202\" src=\"https:\/\/www.cyanographie.com\/wp-content\/uploads\/2020\/11\/20200317_Confinorama_by_LOEVE__J01-320x202.jpg\" class=\"attachment-blog-medium size-blog-medium lazyload wp-post-image\" alt=\"\" srcset=\"data:image\/svg+xml,%3Csvg%20xmlns%3D%27http%3A%2F%2Fwww.w3.org%2F2000%2Fsvg%27%20width%3D%27745%27%20height%3D%27745%27%20viewBox%3D%270%200%20745%20745%27%3E%3Crect%20width%3D%27745%27%20height%3D%27745%27%20fill-opacity%3D%220%22%2F%3E%3C%2Fsvg%3E\" data-orig-src=\"https:\/\/www.cyanographie.com\/wp-content\/uploads\/2020\/11\/20200317_Confinorama_by_LOEVE__J01-320x202.jpg\" data-srcset=\"https:\/\/www.cyanographie.com\/wp-content\/uploads\/2020\/11\/20200317_Confinorama_by_LOEVE__J01-320x202.jpg 320w, https:\/\/www.cyanographie.com\/wp-content\/uploads\/2020\/11\/20200317_Confinorama_by_LOEVE__J01-700x441.jpg 700w\" data-sizes=\"auto\" \/><div class=\"fusion-rollover\">\n\t<div class=\"fusion-rollover-content\">\n\n\t\t\t\t\n\t\t\n\t\t\t\t\t\t\t\t\t\t\t\t<h4 class=\"fusion-rollover-title\">\n\t\t\t\t\t<a class=\"fusion-rollover-title-link\" href=\"https:\/\/www.cyanographie.com\/en\/2020-confinorama-1\/\">\n\t\t\t\t\t\t2020 CONFINORAMA #1\t\t\t\t\t<\/a>\n\t\t\t\t<\/h4>\n\t\t\t\n\t\t\t\t\t\t\t\t\n\t\t\n\t\t\t\t\t\t<a class=\"fusion-link-wrapper\" href=\"https:\/\/www.cyanographie.com\/en\/2020-confinorama-1\/\" aria-label=\"2020 CONFINORAMA #1\"><\/a>\n\t<\/div>\n<\/div>\n<\/div>\n<\/li>\n\t\t\t\n\t\t\t\n\t\t\t\t\t\t\t\t\t\t\t\t\t\t\t\t\t\t\t\t\t\t\t\t\t\t\t\t\t\t\t\t\t\t\t\t\t\t\t\t\t\t\t\t\t\t\t\t\t\t\t\t\t\t\t\t\t\t\t\t\t\t\t\t\t\t\t\t<\/ul>\n\t<\/div>\n\t<div class=\"fusion-post-content post-content\"><h2 class=\"blog-shortcode-post-title entry-title\"><a href=\"https:\/\/www.cyanographie.com\/en\/2020-confinorama-1\/\">2020 CONFINORAMA #1<\/a><\/h2><div class=\"fusion-post-content-container\"><p> 17th MARCH - 10th MAY of 2020   CONFINORAMA #1   LIFE IN BLUE, IN BLACK AND WHITE     Original post on Instagram\u00a0 Azul Loeve   Creation on a daily basis during the 55 days of confinement in spring: from March 17, 2020 I published every day an image made with the means of the edges, painting, photo, drawing. Small staging with trinkets, sketches, sometimes documented legends ... My Confinorama has only one formal proposal, black and white.                                                                <\/p><\/div><\/div><div class=\"fusion-clearfix\"><\/div><div class=\"fusion-meta-info\"><div class=\"fusion-alignleft\">By <span class=\"vcard\"><span class=\"fn\"><a href=\"https:\/\/www.cyanographie.com\/en\/author\/azul11\/\" title=\"Posts by Azul\" rel=\"author\">Azul<\/a><\/span><\/span><span class=\"fusion-inline-sep\">|<\/span><span class=\"updated\" style=\"display:none;\">2020-12-18T15:17:34+01:00<\/span><span>May 10th, 2020<\/span><span class=\"fusion-inline-sep\">|<\/span><a href=\"https:\/\/www.cyanographie.com\/en\/categorie\/cyanography\/chronicle\/\" rel=\"category tag\">Chronicle<\/a><span class=\"fusion-inline-sep\">|<\/span><\/div><\/div><\/article>\n<\/div><div class=\"pagination clearfix\"><span class=\"current\">1<\/span><a href=\"https:\/\/www.cyanographie.com\/en\/wp-json\/wp\/v2\/pages\/3198\/page\/2\/\" class=\"inactive\">2<\/a><a class=\"pagination-next\" rel=\"next\" href=\"https:\/\/www.cyanographie.com\/en\/wp-json\/wp\/v2\/pages\/3198\/page\/2\/\"><span class=\"page-text\">Next<\/span><span class=\"page-next\"><\/span><\/a><\/div><div class=\"fusion-clearfix\"><\/div><\/div><div class=\"fusion-clearfix\"><\/div><\/div><\/div><\/div><\/div>\n","protected":false},"excerpt":{"rendered":"","protected":false},"author":1,"featured_media":2692,"parent":3197,"menu_order":0,"comment_status":"closed","ping_status":"closed","template":"100-width.php","meta":{"footnotes":""},"class_list":["post-3198","page","type-page","status-publish","has-post-thumbnail","hentry"],"_links":{"self":[{"href":"https:\/\/www.cyanographie.com\/en\/wp-json\/wp\/v2\/pages\/3198","targetHints":{"allow":["GET"]}}],"collection":[{"href":"https:\/\/www.cyanographie.com\/en\/wp-json\/wp\/v2\/pages"}],"about":[{"href":"https:\/\/www.cyanographie.com\/en\/wp-json\/wp\/v2\/types\/page"}],"author":[{"embeddable":true,"href":"https:\/\/www.cyanographie.com\/en\/wp-json\/wp\/v2\/users\/1"}],"replies":[{"embeddable":true,"href":"https:\/\/www.cyanographie.com\/en\/wp-json\/wp\/v2\/comments?post=3198"}],"version-history":[{"count":0,"href":"https:\/\/www.cyanographie.com\/en\/wp-json\/wp\/v2\/pages\/3198\/revisions"}],"up":[{"embeddable":true,"href":"https:\/\/www.cyanographie.com\/en\/wp-json\/wp\/v2\/pages\/3197"}],"wp:featuredmedia":[{"embeddable":true,"href":"https:\/\/www.cyanographie.com\/en\/wp-json\/wp\/v2\/media\/2692"}],"wp:attachment":[{"href":"https:\/\/www.cyanographie.com\/en\/wp-json\/wp\/v2\/media?parent=3198"}],"curies":[{"name":"wp","href":"https:\/\/api.w.org\/{rel}","templated":true}]}}